{"id":1894,"date":"2023-02-04T12:59:15","date_gmt":"2023-02-04T09:59:15","guid":{"rendered":"http:\/\/hosbescafe.com\/?post_type=product&#038;p=1894"},"modified":"2025-12-22T01:18:17","modified_gmt":"2025-12-21T22:18:17","slug":"jumbo-burger","status":"publish","type":"product","link":"https:\/\/hosbescafe.com\/index.php\/product\/jumbo-burger\/","title":{"rendered":"Jumbo Burger"},"content":{"rendered":"<p>Hamburger k\u00f6ftesi , cheddar peyniri, marul, tur\u015fu, domates ve patates k\u0131zartmas\u0131 ile<\/p>\n","protected":false},"excerpt":{"rendered":"<p>Hamburger k\u00f6ftesi , cheddar peyniri, marul, tur\u015fu, domates ve patates k\u0131zartmas\u0131 ile<\/p>\n","protected":false},"featured_media":1895,"comment_status":"open","ping_status":"closed","template":"","meta":{"_uag_custom_page_level_css":"","site-sidebar-layout":"default","site-content-layout":"default","ast-global-header-display":"","ast-main-header-display":"","ast-hfb-above-header-display":"","ast-hfb-below-header-display":"","ast-hfb-mobile-header-display":"","site-post-title":"","ast-breadcrumbs-content":"","ast-featured-img":"","footer-sml-layout":"","theme-transparent-header-meta":"default","adv-header-id-meta":"","stick-header-meta":"","header-above-stick-meta":"","header-main-stick-meta":"","header-below-stick-meta":""},"product_cat":[24],"product_tag":[],"yoast_head":"<!-- This site is optimized with the Yoast SEO plugin v20.1 - https:\/\/yoast.com\/wordpress\/plugins\/seo\/ -->\n<title>Jumbo Burger - Ho\u015fbe\u015f Cafe<\/title>\n<meta name=\"robots\" content=\"index, follow, max-snippet:-1, max-image-preview:large, max-video-preview:-1\" \/>\n<link rel=\"canonical\" href=\"https:\/\/hosbescafe.com\/index.php\/product\/jumbo-burger\/\" \/>\n<meta property=\"og:locale\" content=\"tr_TR\" \/>\n<meta property=\"og:type\" content=\"article\" \/>\n<meta property=\"og:title\" content=\"Jumbo Burger - Ho\u015fbe\u015f Cafe\" \/>\n<meta property=\"og:description\" content=\"Hamburger k\u00f6ftesi , cheddar peyniri, marul, tur\u015fu, domates ve patates k\u0131zartmas\u0131 ile\" \/>\n<meta property=\"og:url\" content=\"https:\/\/hosbescafe.com\/index.php\/product\/jumbo-burger\/\" \/>\n<meta property=\"og:site_name\" content=\"Ho\u015fbe\u015f Cafe\" \/>\n<meta property=\"article:publisher\" content=\"https:\/\/www.facebook.com\/HosbesCafe\/?locale=tr_TR\" \/>\n<meta property=\"article:modified_time\" content=\"2025-12-21T22:18:17+00:00\" \/>\n<meta property=\"og:image\" content=\"http:\/\/hosbescafe.com\/wp-content\/uploads\/2023\/02\/1662583870870_500x375.jpg\" \/>\n\t<meta property=\"og:image:width\" content=\"500\" \/>\n\t<meta property=\"og:image:height\" content=\"375\" \/>\n\t<meta property=\"og:image:type\" content=\"image\/jpeg\" \/>\n<meta name=\"twitter:card\" content=\"summary_large_image\" \/>\n<meta name=\"twitter:site\" content=\"@hosbesbistro\" \/>\n<script type=\"application\/ld+json\" class=\"yoast-schema-graph\">{\"@context\":\"https:\/\/schema.org\",\"@graph\":[{\"@type\":\"WebPage\",\"@id\":\"https:\/\/hosbescafe.com\/index.php\/product\/jumbo-burger\/\",\"url\":\"https:\/\/hosbescafe.com\/index.php\/product\/jumbo-burger\/\",\"name\":\"Jumbo Burger - Ho\u015fbe\u015f Cafe\",\"isPartOf\":{\"@id\":\"https:\/\/hosbescafe.com\/#website\"},\"datePublished\":\"2023-02-04T09:59:15+00:00\",\"dateModified\":\"2025-12-21T22:18:17+00:00\",\"breadcrumb\":{\"@id\":\"https:\/\/hosbescafe.com\/index.php\/product\/jumbo-burger\/#breadcrumb\"},\"inLanguage\":\"tr\",\"potentialAction\":[{\"@type\":\"ReadAction\",\"target\":[\"https:\/\/hosbescafe.com\/index.php\/product\/jumbo-burger\/\"]}]},{\"@type\":\"BreadcrumbList\",\"@id\":\"https:\/\/hosbescafe.com\/index.php\/product\/jumbo-burger\/#breadcrumb\",\"itemListElement\":[{\"@type\":\"ListItem\",\"position\":1,\"name\":\"Anasayfa\",\"item\":\"https:\/\/hosbescafe.com\/\"},{\"@type\":\"ListItem\",\"position\":2,\"name\":\"Shop\",\"item\":\"https:\/\/hosbescafe.com\/index.php\/shop-2\/\"},{\"@type\":\"ListItem\",\"position\":3,\"name\":\"Jumbo Burger\"}]},{\"@type\":\"WebSite\",\"@id\":\"https:\/\/hosbescafe.com\/#website\",\"url\":\"https:\/\/hosbescafe.com\/\",\"name\":\"Ho\u015fbe\u015f Cafe\",\"description\":\"Ho\u015fbe\u015f Cafe&#039;ye Ho\u015fgeldiniz\",\"publisher\":{\"@id\":\"https:\/\/hosbescafe.com\/#organization\"},\"potentialAction\":[{\"@type\":\"SearchAction\",\"target\":{\"@type\":\"EntryPoint\",\"urlTemplate\":\"https:\/\/hosbescafe.com\/?s={search_term_string}\"},\"query-input\":\"required name=search_term_string\"}],\"inLanguage\":\"tr\"},{\"@type\":\"Organization\",\"@id\":\"https:\/\/hosbescafe.com\/#organization\",\"name\":\"Ho\u015fbe\u015f Cafe\",\"url\":\"https:\/\/hosbescafe.com\/\",\"logo\":{\"@type\":\"ImageObject\",\"inLanguage\":\"tr\",\"@id\":\"https:\/\/hosbescafe.com\/#\/schema\/logo\/image\/\",\"url\":\"https:\/\/hosbescafe.com\/wp-content\/uploads\/2023\/02\/cropped-hosbes-pnglogo-e1675462846366.png\",\"contentUrl\":\"https:\/\/hosbescafe.com\/wp-content\/uploads\/2023\/02\/cropped-hosbes-pnglogo-e1675462846366.png\",\"width\":839,\"height\":720,\"caption\":\"Ho\u015fbe\u015f Cafe\"},\"image\":{\"@id\":\"https:\/\/hosbescafe.com\/#\/schema\/logo\/image\/\"},\"sameAs\":[\"https:\/\/www.facebook.com\/HosbesCafe\/?locale=tr_TR\",\"https:\/\/twitter.com\/hosbesbistro\",\"https:\/\/www.instagram.com\/hosbescafe\/\"]}]}<\/script>\n<!-- \/ Yoast SEO plugin. -->","yoast_head_json":{"title":"Jumbo Burger - Ho\u015fbe\u015f Cafe","robots":{"index":"index","follow":"follow","max-snippet":"max-snippet:-1","max-image-preview":"max-image-preview:large","max-video-preview":"max-video-preview:-1"},"canonical":"https:\/\/hosbescafe.com\/index.php\/product\/jumbo-burger\/","og_locale":"tr_TR","og_type":"article","og_title":"Jumbo Burger - Ho\u015fbe\u015f Cafe","og_description":"Hamburger k\u00f6ftesi , cheddar peyniri, marul, tur\u015fu, domates ve patates k\u0131zartmas\u0131 ile","og_url":"https:\/\/hosbescafe.com\/index.php\/product\/jumbo-burger\/","og_site_name":"Ho\u015fbe\u015f Cafe","article_publisher":"https:\/\/www.facebook.com\/HosbesCafe\/?locale=tr_TR","article_modified_time":"2025-12-21T22:18:17+00:00","og_image":[{"width":500,"height":375,"url":"http:\/\/hosbescafe.com\/wp-content\/uploads\/2023\/02\/1662583870870_500x375.jpg","type":"image\/jpeg"}],"twitter_card":"summary_large_image","twitter_site":"@hosbesbistro","schema":{"@context":"https:\/\/schema.org","@graph":[{"@type":"WebPage","@id":"https:\/\/hosbescafe.com\/index.php\/product\/jumbo-burger\/","url":"https:\/\/hosbescafe.com\/index.php\/product\/jumbo-burger\/","name":"Jumbo Burger - Ho\u015fbe\u015f Cafe","isPartOf":{"@id":"https:\/\/hosbescafe.com\/#website"},"datePublished":"2023-02-04T09:59:15+00:00","dateModified":"2025-12-21T22:18:17+00:00","breadcrumb":{"@id":"https:\/\/hosbescafe.com\/index.php\/product\/jumbo-burger\/#breadcrumb"},"inLanguage":"tr","potentialAction":[{"@type":"ReadAction","target":["https:\/\/hosbescafe.com\/index.php\/product\/jumbo-burger\/"]}]},{"@type":"BreadcrumbList","@id":"https:\/\/hosbescafe.com\/index.php\/product\/jumbo-burger\/#breadcrumb","itemListElement":[{"@type":"ListItem","position":1,"name":"Anasayfa","item":"https:\/\/hosbescafe.com\/"},{"@type":"ListItem","position":2,"name":"Shop","item":"https:\/\/hosbescafe.com\/index.php\/shop-2\/"},{"@type":"ListItem","position":3,"name":"Jumbo Burger"}]},{"@type":"WebSite","@id":"https:\/\/hosbescafe.com\/#website","url":"https:\/\/hosbescafe.com\/","name":"Ho\u015fbe\u015f Cafe","description":"Ho\u015fbe\u015f Cafe&#039;ye Ho\u015fgeldiniz","publisher":{"@id":"https:\/\/hosbescafe.com\/#organization"},"potentialAction":[{"@type":"SearchAction","target":{"@type":"EntryPoint","urlTemplate":"https:\/\/hosbescafe.com\/?s={search_term_string}"},"query-input":"required name=search_term_string"}],"inLanguage":"tr"},{"@type":"Organization","@id":"https:\/\/hosbescafe.com\/#organization","name":"Ho\u015fbe\u015f Cafe","url":"https:\/\/hosbescafe.com\/","logo":{"@type":"ImageObject","inLanguage":"tr","@id":"https:\/\/hosbescafe.com\/#\/schema\/logo\/image\/","url":"https:\/\/hosbescafe.com\/wp-content\/uploads\/2023\/02\/cropped-hosbes-pnglogo-e1675462846366.png","contentUrl":"https:\/\/hosbescafe.com\/wp-content\/uploads\/2023\/02\/cropped-hosbes-pnglogo-e1675462846366.png","width":839,"height":720,"caption":"Ho\u015fbe\u015f Cafe"},"image":{"@id":"https:\/\/hosbescafe.com\/#\/schema\/logo\/image\/"},"sameAs":["https:\/\/www.facebook.com\/HosbesCafe\/?locale=tr_TR","https:\/\/twitter.com\/hosbesbistro","https:\/\/www.instagram.com\/hosbescafe\/"]}]}},"uagb_featured_image_src":{"full":["https:\/\/hosbescafe.com\/wp-content\/uploads\/2023\/02\/1662583870870_500x375.jpg",500,375,false],"thumbnail":["https:\/\/hosbescafe.com\/wp-content\/uploads\/2023\/02\/1662583870870_500x375-150x150.jpg",150,150,true],"medium":["https:\/\/hosbescafe.com\/wp-content\/uploads\/2023\/02\/1662583870870_500x375-300x225.jpg",300,225,true],"medium_large":["https:\/\/hosbescafe.com\/wp-content\/uploads\/2023\/02\/1662583870870_500x375.jpg",500,375,false],"large":["https:\/\/hosbescafe.com\/wp-content\/uploads\/2023\/02\/1662583870870_500x375.jpg",500,375,false],"1536x1536":["https:\/\/hosbescafe.com\/wp-content\/uploads\/2023\/02\/1662583870870_500x375.jpg",500,375,false],"2048x2048":["https:\/\/hosbescafe.com\/wp-content\/uploads\/2023\/02\/1662583870870_500x375.jpg",500,375,false],"woocommerce_thumbnail":["https:\/\/hosbescafe.com\/wp-content\/uploads\/2023\/02\/1662583870870_500x375-300x300.jpg",300,300,true],"woocommerce_single":["https:\/\/hosbescafe.com\/wp-content\/uploads\/2023\/02\/1662583870870_500x375.jpg",500,375,false],"woocommerce_gallery_thumbnail":["https:\/\/hosbescafe.com\/wp-content\/uploads\/2023\/02\/1662583870870_500x375-100x100.jpg",100,100,true]},"uagb_author_info":{"display_name":"Erman De\u011fermenci","author_link":"https:\/\/hosbescafe.com\/index.php\/author\/"},"uagb_comment_info":0,"uagb_excerpt":"Hamburger k\u00f6ftesi , cheddar peyniri, marul, tur\u015fu, domates ve patates k\u0131zartmas\u0131 ile","_links":{"self":[{"href":"https:\/\/hosbescafe.com\/index.php\/wp-json\/wp\/v2\/product\/1894"}],"collection":[{"href":"https:\/\/hosbescafe.com\/index.php\/wp-json\/wp\/v2\/product"}],"about":[{"href":"https:\/\/hosbescafe.com\/index.php\/wp-json\/wp\/v2\/types\/product"}],"replies":[{"embeddable":true,"href":"https:\/\/hosbescafe.com\/index.php\/wp-json\/wp\/v2\/comments?post=1894"}],"wp:featuredmedia":[{"embeddable":true,"href":"https:\/\/hosbescafe.com\/index.php\/wp-json\/wp\/v2\/media\/1895"}],"wp:attachment":[{"href":"https:\/\/hosbescafe.com\/index.php\/wp-json\/wp\/v2\/media?parent=1894"}],"wp:term":[{"taxonomy":"product_cat","embeddable":true,"href":"https:\/\/hosbescafe.com\/index.php\/wp-json\/wp\/v2\/product_cat?post=1894"},{"taxonomy":"product_tag","embeddable":true,"href":"https:\/\/hosbescafe.com\/index.php\/wp-json\/wp\/v2\/product_tag?post=1894"}],"curies":[{"name":"wp","href":"https:\/\/api.w.org\/{rel}","templated":true}]}}